{"id":2667,"date":"2021-07-31T02:14:28","date_gmt":"2021-07-31T00:14:28","guid":{"rendered":"https:\/\/m23.uber.space\/?page_id=2667"},"modified":"2022-05-16T21:43:38","modified_gmt":"2022-05-16T19:43:38","slug":"ueber-magdelstube","status":"publish","type":"page","link":"https:\/\/magdelstube.de\/en\/ueber-magdelstube\/","title":{"rendered":"\u00dcber die Magdelstube"},"content":{"rendered":"<h1>\u00dcber die Magdelstube<\/h1>\r\n<p>&nbsp;<\/p>\r\n<p>Die<strong> Magdelstube<\/strong> ist ein Stadtteil\u00b7laden.<\/p>\r\n<p>Hier kann man nichts kaufen. Man kann:<\/p>\r\n<ul>\r\n<li>\r\n<p>Veranstaltungen besuchen<\/p>\r\n<\/li>\r\n<li>\r\n<p>Hilfe bekommen und sich gegenseitig helfen<\/p>\r\n<\/li>\r\n<li>\r\n<p>andere Menschen kennen\u00b7<span class='hurraki_tooltip' data-title='lernen' style='border-bottom:2px dotted #888;'>lernen<\/span> und treffen<\/p>\r\n<\/li>\r\n<li>\r\n<p>Ideen ausprobieren<\/p>\r\n<\/li>\r\n<\/ul>\r\n<p>Die Angebote in der Magdelstube sind<strong> kostenfrei.<\/strong>\u00a0<\/p>\r\n<p>Die Miete f\u00fcr den Raum wird von vielen kleinen Spenden bezahlt.<\/p>\r\n<p>&nbsp;<\/p>\r\n<p><!-- \/wp:post-content --><\/p>\r\n<p><!-- wp:tadv\/classic-paragraph --><\/p>\r\n<p><!-- \/wp:tadv\/classic-paragraph --><\/p>\r\n<p><!-- wp:tadv\/classic-paragraph --><\/p>\r\n<p><!-- \/wp:tadv\/classic-paragraph --><\/p>\r\n<p><!-- wp:tadv\/classic-paragraph --><\/p>\r\n<p><!-- \/wp:tadv\/classic-paragraph --><\/p>\r\n<p><!-- wp:paragraph --><\/p>\r\n<p><!-- \/wp:paragraph --><\/p>\r\n<p><!-- wp:tadv\/classic-paragraph --><\/p>\r\n<p><!-- \/wp:tadv\/classic-paragraph --><\/p>\r\n<p><!-- wp:tadv\/classic-paragraph --><\/p>\r\n<p><!-- \/wp:tadv\/classic-paragraph --><\/p>\r\n<p><!-- wp:heading {\"level\":3} --><\/p>\r\n<p><strong>Wir freuen uns, wenn Du vorbei\u00b7kommst. <\/strong><\/p>\r\n<p><!-- \/wp:heading --><\/p>\r\n<p><!-- wp:heading {\"level\":3} --><\/p>\r\n<p><strong>Wir freuen uns, wenn Du mit\u00b7machst!<\/strong><\/p>\r\n<p>Wenn du<a href=\"https:\/\/magdelstube.de\/kalender\/\"> hier weiter\u00b7klickst, findest du die aktuellen Veranstaltungen.<\/a><\/p>\r\n<p>&nbsp;<\/p>\r\n<p><a href=\"https:\/\/magdelstube.de\/wp-content\/uploads\/2020\/12\/cropped-EnrAu4RXcAAonGU-scaled-1.jpeg\"><img loading=\"lazy\" decoding=\"async\" class=\"aligncenter wp-image-2651 size-full\" src=\"https:\/\/magdelstube.de\/wp-content\/uploads\/2020\/12\/cropped-EnrAu4RXcAAonGU-scaled-1.jpeg\" alt=\"Die W\u00f6rter DIY f\u00fcr Selbermachen und Begegnung zusammengelegt aus kleinen Holzpl\u00e4ttchen mit Buchstaben wie in dem Kreuzwortr\u00e4tselspiel\" width=\"1500\" height=\"428\" srcset=\"https:\/\/magdelstube.de\/wp-content\/uploads\/2020\/12\/cropped-EnrAu4RXcAAonGU-scaled-1.jpeg 1500w, https:\/\/magdelstube.de\/wp-content\/uploads\/2020\/12\/cropped-EnrAu4RXcAAonGU-scaled-1-300x86.jpeg 300w, https:\/\/magdelstube.de\/wp-content\/uploads\/2020\/12\/cropped-EnrAu4RXcAAonGU-scaled-1-1024x292.jpeg 1024w, https:\/\/magdelstube.de\/wp-content\/uploads\/2020\/12\/cropped-EnrAu4RXcAAonGU-scaled-1-768x219.jpeg 768w\" sizes=\"auto, (max-width: 1500px) 100vw, 1500px\" \/><\/a><\/p>\r\n<p>&nbsp;<\/p>","protected":false},"excerpt":{"rendered":"<p>\u00dcber die Magdelstube &nbsp; Die Magdelstube ist ein Stadtteil\u00b7laden. Hier kann man nichts kaufen. Man kann: Veranstaltungen besuchen Hilfe bekommen und sich gegenseitig helfen andere Menschen kennen\u00b7lernen und treffen Ideen ausprobieren Die Angebote in der Magdelstube sind kostenfrei.\u00a0 Die Miete<\/p>\n","protected":false},"author":1,"featured_media":0,"parent":0,"menu_order":0,"comment_status":"closed","ping_status":"closed","template":"","meta":{"footnotes":""},"class_list":["post-2667","page","type-page","status-publish","hentry"],"translation":{"provider":"WPGlobus","version":"3.0.2","language":"en","enabled_languages":["de","en"],"languages":{"de":{"title":true,"content":true,"excerpt":false},"en":{"title":false,"content":false,"excerpt":false}}},"_links":{"self":[{"href":"https:\/\/magdelstube.de\/en\/wp-json\/wp\/v2\/pages\/2667","targetHints":{"allow":["GET"]}}],"collection":[{"href":"https:\/\/magdelstube.de\/en\/wp-json\/wp\/v2\/pages"}],"about":[{"href":"https:\/\/magdelstube.de\/en\/wp-json\/wp\/v2\/types\/page"}],"author":[{"embeddable":true,"href":"https:\/\/magdelstube.de\/en\/wp-json\/wp\/v2\/users\/1"}],"replies":[{"embeddable":true,"href":"https:\/\/magdelstube.de\/en\/wp-json\/wp\/v2\/comments?post=2667"}],"version-history":[{"count":32,"href":"https:\/\/magdelstube.de\/en\/wp-json\/wp\/v2\/pages\/2667\/revisions"}],"predecessor-version":[{"id":3507,"href":"https:\/\/magdelstube.de\/en\/wp-json\/wp\/v2\/pages\/2667\/revisions\/3507"}],"wp:attachment":[{"href":"https:\/\/magdelstube.de\/en\/wp-json\/wp\/v2\/media?parent=2667"}],"curies":[{"name":"wp","href":"https:\/\/api.w.org\/{rel}","templated":true}]}}