{"id":2736,"date":"2021-07-31T04:12:48","date_gmt":"2021-07-31T02:12:48","guid":{"rendered":"https:\/\/m23.uber.space\/?page_id=2736"},"modified":"2022-05-16T21:24:36","modified_gmt":"2022-05-16T19:24:36","slug":"sueso-e-v","status":"publish","type":"page","link":"https:\/\/magdelstube.de\/en\/sueso-e-v\/","title":{"rendered":"\u00dcber uns"},"content":{"rendered":"<h1>Was ist die Magdelstube<\/h1>\n<p>Die Magdelstube ist ein selbstorganisierter Stadtteilladen im S\u00fcdviertel. Sie ist ein offener Begegnungs- und Erfahrungsraum f\u00fcr alle. Hier gibt es nichts zu kaufen &#8211; um hier sein zu k\u00f6nnen, muss niemand <span class='hurraki_tooltip' data-title='Geld' style='border-bottom:2px dotted #888;'>Geld<\/span> in der Tasche haben.<\/p>\n<p>Die Magdelstube wird bereits ganz vielf\u00e4ltig genutzt und es finden eine ganze Reihe von Veranstaltungen, Angeboten und Treffen statt: vom Nachbarschaftsbrunch, gemeinsamen Singen und Spielen \u00fcber <span class='hurraki_tooltip' data-title='Beratung' style='border-bottom:2px dotted #888;'>Beratung<\/span> bis hin zu Initiativen- und Gruppentreffen.<br \/>\nIn der Magdelstube kann man sich bei einer Tasse Tee oder Kaffee erholen oder loslegen und aktiv werden! Gemeinsam wollen wir ausprobieren, was solidarische Nachbarschaft bedeuten kann.<\/p>\n<h1>Warum brauchen wir einen Stadtteilladen?<\/h1>\n<p>Mit einem offenen und von uns selbstorganisierten Stadtteilladen haben wir die M\u00f6glichkeit, einen Begegnungsraum f\u00fcr alle zu schaffen. Es soll ein von vielen Menschen gemeinsam verwalteter Ort werden, der im Viertel verankert ist und sich dadurch auszeichnet, dass er Menschen aus verschiedenen Lebenswelten zusammen bringt.<\/p>\n<h1>Darum brauchen wir euch<\/h1>\n<p>So unterschiedlich die Veranstaltungen und Menschen sind, die die Magdelstube mit Leben f\u00fcllen, so ist doch allen gemeinsam: <span class='hurraki_tooltip' data-title='Alles' style='border-bottom:2px dotted #888;'>Alles<\/span>, was in der Magdelstube passiert, wird ehrenamtlich geleistet: Wir sind Nachbarinnen und Nachbarn und haben uns zusammengetan, um diesen Raum zu erm\u00f6glichen.<\/p>\n<p>Es gibt viele Themen in Jena S\u00fcd, die wichtig sind:<\/p>\n<ul>\n<li>Wie k\u00f6nnen sich Menschen aus der Nachbarschaft kennenlernen und unterst\u00fctzen?<\/li>\n<li>Wie wird der neue Zeiss Bau das Viertel und das Leben im Viertel ver\u00e4ndern?<\/li>\n<li>Wie sollen wir mit den steigenden Mieten umgehen?<\/li>\n<li>Welche Geschichten k\u00f6nnen in Jena S\u00fcd entdeckt werden?<\/li>\n<\/ul>\n<p>Wir schaffen es nicht, alle Themen zu verfolgen und im Blick zu behalten. Daf\u00fcr braucht es mehr Menschen, die sich beteiligen m\u00f6chten. Wir freuen uns \u00fcber alle, die sich im Organisationskreis der Magdelstube beteiligen m\u00f6chten oder Lust haben, die R\u00e4ume zu nutzen.<br \/>\nDer Organisationskreis der Magdelstube trifft sich alle zwei Wochen Dienstags ab 18:00 <span class='hurraki_tooltip' data-title='Uhr' style='border-bottom:2px dotted #888;'>Uhr<\/span> in der Stube. Kommt doch mal vorbei. Mehr Informationen gibt es unter www.Magdelstube.de<\/p>\n<p>Fragen beantworten wir gerne per <span class='hurraki_tooltip' data-title='E-Mail' style='border-bottom:2px dotted #888;'>E-<span class='hurraki_tooltip' data-title='Mail' style='border-bottom:2px dotted #888;'>Mail<\/span><\/span>:<\/p>\n<h2>stadtteilladensued@riseup.net<\/h2>\n","protected":false},"excerpt":{"rendered":"<p>Was ist die Magdelstube Die Magdelstube ist ein selbstorganisierter Stadtteilladen im S\u00fcdviertel. Sie ist ein offener Begegnungs- und Erfahrungsraum f\u00fcr alle. Hier gibt es nichts zu kaufen &#8211; um hier sein zu k\u00f6nnen, muss niemand Geld in der Tasche haben.<\/p>\n","protected":false},"author":1,"featured_media":0,"parent":0,"menu_order":0,"comment_status":"closed","ping_status":"closed","template":"","meta":{"footnotes":""},"class_list":["post-2736","page","type-page","status-publish","hentry"],"translation":{"provider":"WPGlobus","version":"3.0.2","language":"en","enabled_languages":["de","en"],"languages":{"de":{"title":true,"content":true,"excerpt":false},"en":{"title":false,"content":false,"excerpt":false}}},"_links":{"self":[{"href":"https:\/\/magdelstube.de\/en\/wp-json\/wp\/v2\/pages\/2736","targetHints":{"allow":["GET"]}}],"collection":[{"href":"https:\/\/magdelstube.de\/en\/wp-json\/wp\/v2\/pages"}],"about":[{"href":"https:\/\/magdelstube.de\/en\/wp-json\/wp\/v2\/types\/page"}],"author":[{"embeddable":true,"href":"https:\/\/magdelstube.de\/en\/wp-json\/wp\/v2\/users\/1"}],"replies":[{"embeddable":true,"href":"https:\/\/magdelstube.de\/en\/wp-json\/wp\/v2\/comments?post=2736"}],"version-history":[{"count":5,"href":"https:\/\/magdelstube.de\/en\/wp-json\/wp\/v2\/pages\/2736\/revisions"}],"predecessor-version":[{"id":4513,"href":"https:\/\/magdelstube.de\/en\/wp-json\/wp\/v2\/pages\/2736\/revisions\/4513"}],"wp:attachment":[{"href":"https:\/\/magdelstube.de\/en\/wp-json\/wp\/v2\/media?parent=2736"}],"curies":[{"name":"wp","href":"https:\/\/api.w.org\/{rel}","templated":true}]}}