{"id":3379,"date":"2022-04-16T17:00:01","date_gmt":"2022-04-16T15:00:01","guid":{"rendered":"https:\/\/m23.uber.space\/?page_id=3379"},"modified":"2022-04-16T17:00:01","modified_gmt":"2022-04-16T15:00:01","slug":"spendenkonto-und-finanzierung","status":"publish","type":"page","link":"https:\/\/magdelstube.de\/en\/spendenkonto-und-finanzierung\/","title":{"rendered":"Spendenkonto und Finanzierung"},"content":{"rendered":"<h1>Ohne Spenden geht es nicht<\/h1>\n<h2>Unser Vereinskonto f\u00fcr Spenden<\/h2>\n<p><img loading=\"lazy\" decoding=\"async\" class=\"alignright wp-image-3383\" src=\"https:\/\/magdelstube.de\/wp-content\/uploads\/2022\/04\/Spenden-GIF.gif\" alt=\"\" width=\"250\" height=\"250\" \/><\/p>\n<p><span data-offset-key=\"1n2kb-0-0\">Die Magdelstube <\/span><span data-offset-key=\"1n2kb-2-0\">ist ein durch Spenden finanziertes <span class='hurraki_tooltip' data-title='Projekt' style='border-bottom:2px dotted #888;'>Projekt<\/span>, das durch die Nachbarschaft organisiert und verwirklicht wird. Bis <\/span><span id=\"decorator-corrected-entity-id-4\" data-entity-key=\"4\" data-offset-key=\"1n2kb-3-0\"><span data-offset-key=\"1n2kb-3-0\">vor Kurzem<\/span><\/span><span data-offset-key=\"1n2kb-4-0\"> mussten wir alle Aspekte der Finanzen \u00fcber Privatkonten laufen lassen. Nun, mit der Gr\u00fcndung einer Vereinsstruktur, dem s\u00fcdviertel solidarisch <\/span><span id=\"decorator-corrected-entity-id-7\" data-entity-key=\"7\" data-offset-key=\"1n2kb-5-0\"><span data-offset-key=\"1n2kb-5-0\">e. V.<\/span><\/span><span data-offset-key=\"1n2kb-6-0\">, konnten wir ein Vereinskonto einrichten.<\/span><\/p>\n<p>M\u00f6chtest du uns unterst\u00fctzen? Jede Spende, egal ob ein kleiner Betrag monatlich oder ein gr\u00f6\u00dferer Betrag einmalig, nur so kann die Magdelstube weiterhin ein selbstorganiserter und damit selbstbestimmter Stadtteilladen von der Nachbarschaft f\u00fcr die Nachbarschaft bleiben.<\/p>\n<p>Dies ist das Konto, auf dem ihr uns unterst\u00fctzen k\u00f6nnt:<\/p>\n<pre style=\"text-align: left;\">Kontoinhaber*in:\u00a0 s\u00fcdviertel solidarisch e.V.\r\nIBAN: DE15 4306 0967 1277 0168 00\r\nBIC:\u00a0 GENODEM1GLS\r\n<span class='hurraki_tooltip' data-title='Bank' style='border-bottom:2px dotted #888;'>Bank<\/span>: GLS Bank<\/pre>\n<p>Leider haben wir durch das Finanzamt noch keine <span id=\"decorator-corrected-entity-id-12\" data-entity-key=\"12\" data-offset-key=\"1n2kb-1-0\"><span data-offset-key=\"1n2kb-1-0\">Gemeinn\u00fctzigkeit<\/span><\/span> best\u00e4tigt bekommen. Daher k\u00f6nnen wir noch keine Spendenbelege ausstellen. Wir arbeiten daran.<\/p>\n<h2>Unsere Kosten und Einnahmen<\/h2>\n<p>Wir danken all den Menschen, die das Projekt durch ihre Spenden erm\u00f6glichen. Diese dienen in erster Linie unserer monatlichen Kostendeckung, bestehend aus folgenden Posten:<\/p>\n<pre>Miete: 490\u20ac\r\nStadtwerke: 16\u20ac\r\n<span class='hurraki_tooltip' data-title='Internet' style='border-bottom:2px dotted #888;'>Internet<\/span>: 30\u20ac\r\nHomepage: 5\u20ac\r\nKontogeb\u00fchr: 6\u20ac\r\n<strong>Monatliche Ausgaben: 547\u20ac<\/strong><\/pre>\n<p>\u00dcber regelm\u00e4\u00dfige Spenden nehmen wir derzeit 462\u20ac ein (Stand April 2022). Damit haben ein regelm\u00e4\u00dfiges Spendendefizit, das wir noch einen Moment \u00fcber Einzelspenden ausgleichen k\u00f6nnen.<\/p>\n","protected":false},"excerpt":{"rendered":"<p>Ohne Spenden geht es nicht Unser Vereinskonto f\u00fcr Spenden Die Magdelstube ist ein durch Spenden finanziertes Projekt, das durch die Nachbarschaft organisiert und verwirklicht wird. Bis vor Kurzem mussten wir alle Aspekte der Finanzen \u00fcber Privatkonten laufen lassen. Nun, mit<\/p>\n","protected":false},"author":1,"featured_media":0,"parent":0,"menu_order":0,"comment_status":"closed","ping_status":"closed","template":"","meta":{"footnotes":""},"class_list":["post-3379","page","type-page","status-publish","hentry"],"translation":{"provider":"WPGlobus","version":"3.0.2","language":"en","enabled_languages":["de","en"],"languages":{"de":{"title":true,"content":true,"excerpt":false},"en":{"title":false,"content":false,"excerpt":false}}},"_links":{"self":[{"href":"https:\/\/magdelstube.de\/en\/wp-json\/wp\/v2\/pages\/3379","targetHints":{"allow":["GET"]}}],"collection":[{"href":"https:\/\/magdelstube.de\/en\/wp-json\/wp\/v2\/pages"}],"about":[{"href":"https:\/\/magdelstube.de\/en\/wp-json\/wp\/v2\/types\/page"}],"author":[{"embeddable":true,"href":"https:\/\/magdelstube.de\/en\/wp-json\/wp\/v2\/users\/1"}],"replies":[{"embeddable":true,"href":"https:\/\/magdelstube.de\/en\/wp-json\/wp\/v2\/comments?post=3379"}],"version-history":[{"count":8,"href":"https:\/\/magdelstube.de\/en\/wp-json\/wp\/v2\/pages\/3379\/revisions"}],"predecessor-version":[{"id":3388,"href":"https:\/\/magdelstube.de\/en\/wp-json\/wp\/v2\/pages\/3379\/revisions\/3388"}],"wp:attachment":[{"href":"https:\/\/magdelstube.de\/en\/wp-json\/wp\/v2\/media?parent=3379"}],"curies":[{"name":"wp","href":"https:\/\/api.w.org\/{rel}","templated":true}]}}