{"id":3438,"date":"2022-05-12T21:55:09","date_gmt":"2022-05-12T19:55:09","guid":{"rendered":"https:\/\/m23.uber.space\/?page_id=3438"},"modified":"2022-05-30T22:44:09","modified_gmt":"2022-05-30T20:44:09","slug":"ortsteilrat-buergermeisterinnen-wahl-2022","status":"publish","type":"page","link":"https:\/\/magdelstube.de\/en\/ortsteilrat-buergermeisterinnen-wahl-2022\/","title":{"rendered":"Ortsteilrat B\u00fcrgermeister*innen Wahl 2022"},"content":{"rendered":"<p><img loading=\"lazy\" decoding=\"async\" class=\"wp-image-3441 alignright\" src=\"https:\/\/magdelstube.de\/wp-content\/uploads\/2022\/05\/Wahl-12.06.2022.gif\" alt=\"\" width=\"192\" height=\"192\" \/><\/p>\n<p style=\"text-align: left;\">Am 12.06.2022 wird eine neue <strong>Ortsteilb\u00fcrgermeisterin oder ein neuer Ortsteilb\u00fcrgermeister f\u00fcr Jena-S\u00fcd<\/strong> gew\u00e4hlt. Ein Ortsteilrat kann f\u00fcr die Menschen in einem Stadtteil wichtig sein und die Leitung dessen hat daher ma\u00dfgeblich mit der Ausrichtung zu tun. Wir informieren euch auf unseren Kan\u00e4len \u00fcber die Entwicklungen. Hier sind schonmal die Kandidaten*innen:<\/p>\n<p><span class=\"css-901oao css-16my406 r-poiln3 r-bcqeeo r-qvutc0\"><strong>Patrice Vo\u00df<\/strong> (<span class='hurraki_tooltip' data-title='Die Linke' style='border-bottom:2px dotted #888;'>Die Linke<\/span>), Mehr Informationen <a href=\"https:\/\/www.die-linke-jena.de\/wahl-jena-sued\/ortsteilbuergermeiter-patrice-voss\/\">hier<\/a>\u00a0<\/span><\/p>\n<p><span class=\"css-901oao css-16my406 r-poiln3 r-bcqeeo r-qvutc0\"><strong>Stig Ludwig<\/strong> (<span class='hurraki_tooltip' data-title='SPD' style='border-bottom:2px dotted #888;'>SPD<\/span>), Mehr Informationen <a href=\"https:\/\/www.spd-jena.de\/sued\/\">hier<\/a>\u00a0 <\/span><\/p>\n<p><span class=\"css-901oao css-16my406 r-poiln3 r-bcqeeo r-qvutc0\"><strong>Christina Prothmann<\/strong> (<span class='hurraki_tooltip' data-title='Die Gr\u00fcnen' style='border-bottom:2px dotted #888;'>Die Gr\u00fcnen<\/span>), Mehr Informationen <a href=\"https:\/\/gruene-jena.de\/aktuelles\/aktuelles-detail\/article\/christina-prothmann-zur-kandidatin-fuer-die-ortsteilbuergermeisterwahl-in-jena-sued-gewaehlt\/\">hier<\/a>\u00a0<\/span><\/p>\n<p><span class=\"css-901oao css-16my406 r-poiln3 r-bcqeeo r-qvutc0\"><strong>Br\u00fcnnhild Egge<\/strong>, (Einzelbewerberin, im <span class='hurraki_tooltip' data-title='Stadtrat' style='border-bottom:2px dotted #888;'>Stadtrat<\/span> in <span class='hurraki_tooltip' data-title='CDU' style='border-bottom:2px dotted #888;'>CDU<\/span> <span class='hurraki_tooltip' data-title='Fraktion' style='border-bottom:2px dotted #888;'>Fraktion<\/span>), Mehr Informationen <a href=\"https:\/\/www.cdu-jena.de\/personen\/bruennhild-egge-1\">hier<\/a><\/span><\/p>\n<p>&nbsp;<\/p>\n<p><a href=\"https:\/\/www.magdelstube.de\/7-fragen-in-7-tagen\/\"><img loading=\"lazy\" decoding=\"async\" class=\"alignleft wp-image-3772\" src=\"https:\/\/magdelstube.de\/wp-content\/uploads\/2022\/05\/7x7Tweet8-300x300.png\" alt=\"7 Fragen in 7 Tagen zur Ortsteilb\u00fcrgermeister:innen Wahl am 12 Juni 2022\" width=\"177\" height=\"177\" srcset=\"https:\/\/magdelstube.de\/wp-content\/uploads\/2022\/05\/7x7Tweet8-300x300.png 300w, https:\/\/magdelstube.de\/wp-content\/uploads\/2022\/05\/7x7Tweet8-1024x1024.png 1024w, https:\/\/magdelstube.de\/wp-content\/uploads\/2022\/05\/7x7Tweet8-150x150.png 150w, https:\/\/magdelstube.de\/wp-content\/uploads\/2022\/05\/7x7Tweet8-768x768.png 768w, https:\/\/magdelstube.de\/wp-content\/uploads\/2022\/05\/7x7Tweet8-1536x1536.png 1536w, https:\/\/magdelstube.de\/wp-content\/uploads\/2022\/05\/7x7Tweet8-270x270.png 270w, https:\/\/magdelstube.de\/wp-content\/uploads\/2022\/05\/7x7Tweet8-230x230.png 230w, https:\/\/magdelstube.de\/wp-content\/uploads\/2022\/05\/7x7Tweet8.png 2000w\" sizes=\"auto, (max-width: 177px) 100vw, 177px\" \/><\/a>Wir haben den Kandidatinnen und Kandidaten 7 Fragen gestellt, die sie innerhalb von 7 Tagen beantworten konnten. So k\u00f6nnt ihr ihre antworten leicht vergleichen. Das gibt euch vielleicht schonmal einen guten Eindruck davon, wessen Vorstelungen am ehesten euren Interessen f\u00fcr die Stadtteil entsprechen.<\/p>\n<p>Die Antworten findet ihr hier: <a href=\"https:\/\/www.magdelstube.de\/7-fragen-in-7-tagen\/\">7 Fragen in 7 Tagen<\/a><\/p>\n","protected":false},"excerpt":{"rendered":"<p>Am 12.06.2022 wird eine neue Ortsteilb\u00fcrgermeisterin oder ein neuer Ortsteilb\u00fcrgermeister f\u00fcr Jena-S\u00fcd gew\u00e4hlt. Ein Ortsteilrat kann f\u00fcr die Menschen in einem Stadtteil wichtig sein und die Leitung dessen hat daher ma\u00dfgeblich mit der Ausrichtung zu tun. Wir informieren euch auf<\/p>\n","protected":false},"author":1,"featured_media":0,"parent":0,"menu_order":0,"comment_status":"closed","ping_status":"closed","template":"","meta":{"footnotes":""},"class_list":["post-3438","page","type-page","status-publish","hentry"],"translation":{"provider":"WPGlobus","version":"3.0.2","language":"en","enabled_languages":["de","en"],"languages":{"de":{"title":true,"content":true,"excerpt":false},"en":{"title":false,"content":false,"excerpt":false}}},"_links":{"self":[{"href":"https:\/\/magdelstube.de\/en\/wp-json\/wp\/v2\/pages\/3438","targetHints":{"allow":["GET"]}}],"collection":[{"href":"https:\/\/magdelstube.de\/en\/wp-json\/wp\/v2\/pages"}],"about":[{"href":"https:\/\/magdelstube.de\/en\/wp-json\/wp\/v2\/types\/page"}],"author":[{"embeddable":true,"href":"https:\/\/magdelstube.de\/en\/wp-json\/wp\/v2\/users\/1"}],"replies":[{"embeddable":true,"href":"https:\/\/magdelstube.de\/en\/wp-json\/wp\/v2\/comments?post=3438"}],"version-history":[{"count":4,"href":"https:\/\/magdelstube.de\/en\/wp-json\/wp\/v2\/pages\/3438\/revisions"}],"predecessor-version":[{"id":3771,"href":"https:\/\/magdelstube.de\/en\/wp-json\/wp\/v2\/pages\/3438\/revisions\/3771"}],"wp:attachment":[{"href":"https:\/\/magdelstube.de\/en\/wp-json\/wp\/v2\/media?parent=3438"}],"curies":[{"name":"wp","href":"https:\/\/api.w.org\/{rel}","templated":true}]}}