{"id":3839,"date":"2022-06-17T07:42:05","date_gmt":"2022-06-17T05:42:05","guid":{"rendered":"https:\/\/m23.uber.space\/?page_id=3839"},"modified":"2022-06-17T07:42:05","modified_gmt":"2022-06-17T05:42:05","slug":"spar-markt","status":"publish","type":"page","link":"https:\/\/magdelstube.de\/en\/spar-markt\/","title":{"rendered":"Spar-Markt"},"content":{"rendered":"<h1>Der Spar-<span class='hurraki_tooltip' data-title='Markt' style='border-bottom:2px dotted #888;'>Markt<\/span> Lebensmittelrichter in Jena S\u00fcd schlie\u00dft<\/h1>\n<h4>Mit \u00dcberraschung und Bedauern haben wir durch einen Aushang erfahren, das der Lebensmittelrichter am FIchteplatz schlie\u00dfen wird. Damit geht eine \u00c4ra zuende. Wir tragen hier Informationen zum Thema zusammen.<\/h4>\n<p>Nachdem die geplante Schlie\u00dfung bekannt wurde, haben sich mehrere Menschen bei uns gemeldet, die Ihr Bedaurn zum Ausdruck gebracht haben. Wir teilen dieses Bedauern. Unserer Ansicht nach sind dezentrale Nahversorgungszentren wie dieses wichtig: Menschen in direkter Nachbarschaft, die Bewegungseingeschr\u00e4nkt sind k\u00f6nnen sich hier versorgen. Kinder machen hier ihre ersten Einkaufserfahrungen, ohne den Druck von Menschen hinter Ihnen in der Schlange. Das Sortiment kann an die Bed\u00fcrfnisse der Kundschaft angepasst werden. Der Ort f\u00fchrt zu spontanen Begegenungen und Gespr\u00e4chen.<\/p>\n<p>Wir haben, zusammen mit einer Nachbarin, einen offenen Brief aufgesetzt, der sich in erster Linie an JenaWohnen GmbH richtet. Es geht darum, das dieser Ort in <span class='hurraki_tooltip' data-title='Zukunft' style='border-bottom:2px dotted #888;'>Zukunft<\/span> nicht zu einem <span class='hurraki_tooltip' data-title='B\u00fcro' style='border-bottom:2px dotted #888;'>B\u00fcro<\/span> oder \u00e4hnlichem wird, sondern das die gewohnte Funktion f\u00fcr die Nachbarschaft erhalten bleibt. Das geht nur, wenn mit einem Mieter*innen wechsel die Mietkosten nicht unendlich explodieren.<\/p>\n<p>Der Brief kann online unterschrieben werden. <a href=\"https:\/\/www.change.org\/SparMarktJenaSued\"><strong>Hier klicken.<\/strong><\/a><\/p>\n<p><strong>Stand 17.06.2022 haben<\/strong> \u00fcber 1000 Menschen den Brief unterschrieben. Davon haben \u00fcber <strong>600 Personen<\/strong> eine Postleitzahl aus der unmittelbaren Umgebung angegeben &#8211; also 07743, 07745, 07749.<\/p>\n<p>Wir legen nun auch Papier-Varianten des Briefes in der Magdelstube bereit. Aber vielleicht wollt ihr in eurem Haus oder Block selbst Unterschriften sammeln? Hier ist der Brief zum herunterladen, Druck und Unterschreiben. Um Papier zu <span class='hurraki_tooltip' data-title='sparen' style='border-bottom:2px dotted #888;'>sparen<\/span> bitten wir euch die Unterschriftenliste auf der R\u00fcckseite m\u00f6glichst zu f\u00fcllen.<\/p>\n<p>Hier die PDF herunterladen: <strong><a href=\"https:\/\/magdelstube.de\/wp-content\/uploads\/2022\/06\/Offener-Brief-Spar-Markt.pdf\">Offener Brief Spar-Markt<\/a><\/strong><\/p>\n<p>Auch die <strong>OTZ<\/strong> griff das Thema inzwischen auf. Den vollst\u00e4ndigen <span class='hurraki_tooltip' data-title='Artikel' style='border-bottom:2px dotted #888;'>Artikel<\/span> findet ihr <a href=\"https:\/\/www.otz.de\/regionen\/jena\/der-sympathische-kleine-spar-markt-am-jenaer-fichteplatz-schliesst-id235630967.html?service=amp\"><strong>hier<\/strong> <\/a>(Leider nur bezahlt).<\/p>\n","protected":false},"excerpt":{"rendered":"<p>Der Spar-Markt Lebensmittelrichter in Jena S\u00fcd schlie\u00dft Mit \u00dcberraschung und Bedauern haben wir durch einen Aushang erfahren, das der Lebensmittelrichter am FIchteplatz schlie\u00dfen wird. Damit geht eine \u00c4ra zuende. Wir tragen hier Informationen zum Thema zusammen. Nachdem die geplante Schlie\u00dfung<\/p>\n","protected":false},"author":1,"featured_media":0,"parent":0,"menu_order":0,"comment_status":"closed","ping_status":"closed","template":"","meta":{"footnotes":""},"class_list":["post-3839","page","type-page","status-publish","hentry"],"translation":{"provider":"WPGlobus","version":"3.0.2","language":"en","enabled_languages":["de","en"],"languages":{"de":{"title":true,"content":true,"excerpt":false},"en":{"title":false,"content":false,"excerpt":false}}},"_links":{"self":[{"href":"https:\/\/magdelstube.de\/en\/wp-json\/wp\/v2\/pages\/3839","targetHints":{"allow":["GET"]}}],"collection":[{"href":"https:\/\/magdelstube.de\/en\/wp-json\/wp\/v2\/pages"}],"about":[{"href":"https:\/\/magdelstube.de\/en\/wp-json\/wp\/v2\/types\/page"}],"author":[{"embeddable":true,"href":"https:\/\/magdelstube.de\/en\/wp-json\/wp\/v2\/users\/1"}],"replies":[{"embeddable":true,"href":"https:\/\/magdelstube.de\/en\/wp-json\/wp\/v2\/comments?post=3839"}],"version-history":[{"count":6,"href":"https:\/\/magdelstube.de\/en\/wp-json\/wp\/v2\/pages\/3839\/revisions"}],"predecessor-version":[{"id":4579,"href":"https:\/\/magdelstube.de\/en\/wp-json\/wp\/v2\/pages\/3839\/revisions\/4579"}],"wp:attachment":[{"href":"https:\/\/magdelstube.de\/en\/wp-json\/wp\/v2\/media?parent=3839"}],"curies":[{"name":"wp","href":"https:\/\/api.w.org\/{rel}","templated":true}]}}